{"id":500,"date":"2026-02-09T21:56:24","date_gmt":"2026-02-09T20:56:24","guid":{"rendered":"https:\/\/www.azais-artisane.fr\/?product=atelier-petite-bijouterie"},"modified":"2026-02-09T21:56:24","modified_gmt":"2026-02-09T20:56:24","slug":"atelier-petite-bijouterie","status":"publish","type":"product","link":"https:\/\/www.azais-artisane.fr\/?product=atelier-petite-bijouterie","title":{"rendered":"Atelier petite bijouterie"},"content":{"rendered":"<p>Vous r\u00eavez de vous initier aux premiers gestes de bijouterie?<\/p>\n<p>Rejoignez-moi pour cr\u00e9er votre paire de boucles d&rsquo;oreilles \u00e0 partir de mat\u00e9riaux revaloris\u00e9s \ud83c\udf1f<\/p>\n","protected":false},"excerpt":{"rendered":"<p>Apprenez les bases de la cr\u00e9ation de bijoux lors d&rsquo;un atelier.<\/p>\n<p>Venez cr\u00e9er une paire de boucles d&rsquo;oreilles \u00e0 partir de mat\u00e9riaux revaloris\u00e9s.<\/p>\n<p>\u00e0 partir de 7 ans.<\/p>\n<p>Je peux me d\u00e9placer afin d&rsquo;animer l&rsquo;atelier chez vous lors de vos \u00e9v\u00e9nements ( f\u00eate d&rsquo;anniversaire, Evjf&#8230;)<\/p>\n<p>jusqu&rsquo;\u00e0 8 personnes.<\/p>\n","protected":false},"featured_media":488,"template":"","meta":{"site-sidebar-layout":"default","site-content-layout":"","ast-site-content-layout":"default","site-content-style":"default","site-sidebar-style":"default","ast-global-header-display":"","ast-banner-title-visibility":"","ast-main-header-display":"","ast-hfb-above-header-display":"","ast-hfb-below-header-display":"","ast-hfb-mobile-header-display":"","site-post-title":"","ast-breadcrumbs-content":"","ast-featured-img":"","footer-sml-layout":"","ast-disable-related-posts":"","theme-transparent-header-meta":"","adv-header-id-meta":"","stick-header-meta":"","header-above-stick-meta":"","header-main-stick-meta":"","header-below-stick-meta":"","astra-migrate-meta-layouts":"default","ast-page-background-enabled":"default","ast-page-background-meta":{"desktop":{"background-color":"var(--ast-global-color-4)","background-image":"","background-repeat":"repeat","background-position":"center center","background-size":"auto","background-attachment":"scroll","background-type":"","background-media":"","overlay-type":"","overlay-color":"","overlay-opacity":"","overlay-gradient":""},"tablet":{"background-color":"","background-image":"","background-repeat":"repeat","background-position":"center center","background-size":"auto","background-attachment":"scroll","background-type":"","background-media":"","overlay-type":"","overlay-color":"","overlay-opacity":"","overlay-gradient":""},"mobile":{"background-color":"","background-image":"","background-repeat":"repeat","background-position":"center center","background-size":"auto","background-attachment":"scroll","background-type":"","background-media":"","overlay-type":"","overlay-color":"","overlay-opacity":"","overlay-gradient":""}},"ast-content-background-meta":{"desktop":{"background-color":"var(--ast-global-color-5)","background-image":"","background-repeat":"repeat","background-position":"center center","background-size":"auto","background-attachment":"scroll","background-type":"","background-media":"","overlay-type":"","overlay-color":"","overlay-opacity":"","overlay-gradient":""},"tablet":{"background-color":"var(--ast-global-color-5)","background-image":"","background-repeat":"repeat","background-position":"center center","background-size":"auto","background-attachment":"scroll","background-type":"","background-media":"","overlay-type":"","overlay-color":"","overlay-opacity":"","overlay-gradient":""},"mobile":{"background-color":"var(--ast-global-color-5)","background-image":"","background-repeat":"repeat","background-position":"center center","background-size":"auto","background-attachment":"scroll","background-type":"","background-media":"","overlay-type":"","overlay-color":"","overlay-opacity":"","overlay-gradient":""}}},"product_brand":[],"product_cat":[25],"product_tag":[],"class_list":{"0":"post-500","1":"product","2":"type-product","3":"status-publish","4":"has-post-thumbnail","6":"product_cat-atelier-stages","7":"desktop-align-left","8":"tablet-align-left","9":"mobile-align-left","11":"first","12":"instock","13":"virtual","14":"purchasable","15":"product-type-simple"},"jetpack_sharing_enabled":true,"_links":{"self":[{"href":"https:\/\/www.azais-artisane.fr\/index.php?rest_route=\/wp\/v2\/product\/500","targetHints":{"allow":["GET"]}}],"collection":[{"href":"https:\/\/www.azais-artisane.fr\/index.php?rest_route=\/wp\/v2\/product"}],"about":[{"href":"https:\/\/www.azais-artisane.fr\/index.php?rest_route=\/wp\/v2\/types\/product"}],"wp:featuredmedia":[{"embeddable":true,"href":"https:\/\/www.azais-artisane.fr\/index.php?rest_route=\/wp\/v2\/media\/488"}],"wp:attachment":[{"href":"https:\/\/www.azais-artisane.fr\/index.php?rest_route=%2Fwp%2Fv2%2Fmedia&parent=500"}],"wp:term":[{"taxonomy":"product_brand","embeddable":true,"href":"https:\/\/www.azais-artisane.fr\/index.php?rest_route=%2Fwp%2Fv2%2Fproduct_brand&post=500"},{"taxonomy":"product_cat","embeddable":true,"href":"https:\/\/www.azais-artisane.fr\/index.php?rest_route=%2Fwp%2Fv2%2Fproduct_cat&post=500"},{"taxonomy":"product_tag","embeddable":true,"href":"https:\/\/www.azais-artisane.fr\/index.php?rest_route=%2Fwp%2Fv2%2Fproduct_tag&post=500"}],"curies":[{"name":"wp","href":"https:\/\/api.w.org\/{rel}","templated":true}]}}